{"id":885,"date":"2024-10-30T12:37:45","date_gmt":"2024-10-30T12:37:45","guid":{"rendered":"https:\/\/suomenpicardienpaimenkoirat.fi\/?page_id=885"},"modified":"2026-02-26T11:55:24","modified_gmt":"2026-02-26T11:55:24","slug":"rotumaaritelma","status":"publish","type":"page","link":"https:\/\/suomenpicardienpaimenkoirat.fi\/index.php\/picardienpaimenkoira\/rotumaaritelma\/","title":{"rendered":"Rotum\u00e4\u00e4ritelm\u00e4"},"content":{"rendered":"\n<div style=\"height:40px\" aria-hidden=\"true\" class=\"wp-block-spacer\" data-block-type=\"core\" data-block-type=\"core\" data-block-type=\"core\"><\/div>\n\n\n\n<div class=\"wp-block-stackable-text stk-block-text stk-block stk-f025cd1\" data-block-id=\"f025cd1\"><style>.stk-f025cd1 {max-width:800px !important;min-width:auto !important;margin-right:auto !important;margin-left:auto !important;}<\/style><p class=\"stk-block-text__text\"><strong>Ryhm\u00e4: 1 FCI:n numero: 176<\/strong><br>Hyv\u00e4ksytty: FCI 23.1.2009 Kennelliitto 18.2.2010<br>Alkuper\u00e4maa: Ranska<br><br>K\u00e4ytt\u00f6tarkoitus: Paimen- ja vahtikoira.<br>FCI:n luokitus: Ryhm\u00e4 1 lammas- ja karjakoirat (paitsi sveitsinpaimenkoirat), Alaryhm\u00e4 1 lammaskoirat, K\u00e4ytt\u00f6koetulos vaaditaan<br><br><strong>LYHYT HISTORIAOSUUS:<\/strong> Picardienpaimenkoiran alkuper\u00e4 ulottuu kauas historiaan. Ei voida varmasti sanoa, ett\u00e4 picardienpaimenkoira olisi l\u00e4ht\u00f6isin nimenomaan Picardien alueelta. On mahdollista, jopa todenn\u00e4k\u00f6ist\u00e4, ett\u00e4 n\u00e4it\u00e4 koiria olisi esiintynyt laajemmalla alueella, sill\u00e4 karkeakarvaiset lammas- ja karjakoirat olivat tyypillisi\u00e4 kaikkialla Luoteis-Euroopassa. Ensimm\u00e4iset picardienpaimenkoirat arvosteltiin vuonna 1863 n\u00e4yttelyss\u00e4 samassa luokassa beaucenpaimenkoirien ja brienpaimenkoirien kanssa. Vuonna 1898 todettiin, ett\u00e4 picardienpaimenkoira on oma rotunsa. Ensimm\u00e4isen rotum\u00e4\u00e4ritelm\u00e4n laati Paul Megnin vuonna 1922, ja rotu tunnustettiin lopullisesti vuonna 1925.<br><br>Rodun kehitys polki paikallaan aina toiseen maailmansotaan asti. Vasta sen j\u00e4lkeen alkoi rodun elvytt\u00e4minen. Rodun alkuper\u00e4iselt\u00e4 alueelta Picardiesta alettiin etsi\u00e4 tyypillisimpi\u00e4 yksil\u00f6it\u00e4 jalostusk\u00e4ytt\u00f6\u00f6n. Rotuyhdistyksell\u00e4 oli ollut useiden vuosien ajan vaikeuksia saada virallista tunnustusta, kunnes tunnettu kynologi Robert Montenot perusti vuonna 1955 yhdistyksen nimelt\u00e4 &#8221;Les Amis du Berger Picard&#8221;. T\u00e4m\u00e4 yhdistys tunnustettiin lopulta vuonna 1959, ja Ranskan kennelliitto (S.C.C) hyv\u00e4ksyi uuden rotum\u00e4\u00e4ritelm\u00e4n vuonna 1964. Nykyisen rotum\u00e4\u00e4ritelm\u00e4n on laatinut rotuyhdistys ja sen puheenjohtaja J.C. Larive yhteisty\u00f6ss\u00e4 R. Triquet&#8217;n kanssa.<br><br><strong>YLEISVAIKUTELMA: <\/strong>Keskikokoinen, vahvarakenteinen, kest\u00e4v\u00e4, lihaksikas ja hyv\u00e4rakenteinen paimenkoira, joka ei saa koskaan olla raskas. Sen olemus on eritt\u00e4in tyylik\u00e4s sek\u00e4 seistess\u00e4 ett\u00e4 liikkuessa. Harottava karvapeite antaa oman leimansa koiran eloisalle ja valppaalle ilmeelle.<br><br><strong>T\u00c4RKEIT\u00c4 MITTASUHTEITA:<\/strong> Picardienpaimenkoira on hieman korkeuttaan pitempi. Rungon pituus on 5-8 % s\u00e4k\u00e4korkeutta suurempi. Nartut ovat yleens\u00e4 hieman pitk\u00e4runkoisempia kuin urokset. Kallo ja kuono ovat yht\u00e4 pitk\u00e4t. Et\u00e4isyys kyyn\u00e4rp\u00e4\u00e4st\u00e4 maahan on puolet s\u00e4k\u00e4korkeudesta.<br><br><strong>K\u00c4YTT\u00c4YTYMINEN \/ LUONNE:<\/strong> Tasapainoinen, ei aggressiivinen, arka tai levoton. Koiran tulee olla samalla sek\u00e4 tottelevainen ett\u00e4 rohkea. N\u00e4m\u00e4 ominaisuudet saavat sen selviytym\u00e4\u00e4n helposti lammaslaumojen ajamisesta ja suojelemisesta. Picardienpaimenkoira on my\u00f6s eritt\u00e4in hyv\u00e4 talon vahti ja erinomainen lapsirakas perhekoira.<br><br><strong>P\u00c4\u00c4:<\/strong> Ei raskas, vaan oikeassa suhteessa koiran kokoon n\u00e4hden. P\u00e4\u00e4 on hienopiirteisen meislautunut, mutta se ei saa n\u00e4ytt\u00e4\u00e4 suipolta. Sivusta katsottuna kallon ja kuonon linjat ovat yhdensuuntaiset. P\u00e4\u00e4lle antaa oman leimansa karkea, harottava karvapeite: parta ja viikset sek\u00e4 selv\u00e4sti erottuvat (noin 4 cm:n pituiset) kulmakarvat, jotka eiv\u00e4t saa peitt\u00e4\u00e4 silmi\u00e4.<br><br><strong>Kallo: <\/strong>Edest\u00e4 katsottuna otsa ei saa olla litte\u00e4, vaan hieman kaareutuva. Otsauurre hyvin v\u00e4h\u00e4inen.<br>Otsapenger: Hyvin v\u00e4h\u00e4inen; sijaitsee kuononk\u00e4rjen ja niskakyhmyn puoliv\u00e4liss\u00e4.Kirsu: Hyvin kehittynyt, v\u00e4rilt\u00e4\u00e4n aina musta. Sieraimet ovat hyvin avoimet .Kuono: Voimakas; ei liian pitk\u00e4 eik\u00e4 suippo. Kuononselk\u00e4 suora. Koiralla on jonkin verran partaa ja viiksi\u00e4. Posket: Hieman py\u00f6ristyneet. Huulet: Kuivat ja tiiviisti sulkeutuvat. Leuat \/ hampaat \/ purenta: Leuat ovat vahvat. Leikkaava purenta ja t\u00e4ysi hampaisto.Silm\u00e4t: Keskikokoiset, soikeat, vaakasuoraan sijoittuneet, eiv\u00e4t ulkonevat. V\u00e4rilt\u00e4\u00e4n tummat. V\u00e4ris\u00e4vy voi olla tummempi tai vaaleampi karvapeitteen v\u00e4rist\u00e4 riippuen, mutta ei koskaan p\u00e4hkin\u00e4nruskeaa vaaleampi.Korvat: Luonnostaan pystyt, k\u00e4rjist\u00e4\u00e4n hieman py\u00f6ristyneet, keskikokoiset, tyvest\u00e4\u00e4n leve\u00e4t ja korkealle kiinnittyneet. Haja-asentoiset korvat hyv\u00e4ksyt\u00e4\u00e4n, mutta ne eiv\u00e4t ole toivotut.<br><br><strong>KAULA:<\/strong> Voimakas ja lihaksikas, kohtalaisen pitk\u00e4; liittyy sulavasti lapoihin ja on asennoltaan ryhdik\u00e4s ja ylv\u00e4s.<br><br><strong>RUNKO: <\/strong>Luusto voimakas muttei liian raskas. Lihakset ovat kuivat. Selk\u00e4: Suora. Lanne: Voimakas. Lantio: Hieman viisto, liittyy huomaamattomasti pakaroihin. Rintakeh\u00e4: Syv\u00e4, ulottuu kyyn\u00e4rp\u00e4ihin, mutta ei niiden alapuolelle. Rinnanymp\u00e4rys heti kyyn\u00e4rp\u00e4iden takaa mitattuna on noin 1\/5 s\u00e4k\u00e4korkeutta suurempi. Kylkiluut ovat yl\u00e4osastaan hyvin kaareutuneet ja jatkuvat litte\u00e4mpin\u00e4 rintalastaan. Alalinja ja vatsa: Vatsalinja hiukan kohoava.<br><br><strong>H\u00c4NT\u00c4: <\/strong>Luonnostaan pitk\u00e4. Koiran ollessa levossa h\u00e4nn\u00e4n tulee ulottua kinnerniveleen ja kaartua k\u00e4rjest\u00e4 hieman yl\u00f6sp\u00e4in. Liikkeess\u00e4 h\u00e4nt\u00e4 voi kohota hieman korkeammalle, ei kuitenkaan koskaan sel\u00e4n yl\u00e4puolelle. Karva on h\u00e4nn\u00e4ss\u00e4 yht\u00e4 pitk\u00e4\u00e4 kuin rungossa.<br><br><strong>RAAJAT<\/strong><br><strong>ETURAAJAT: <\/strong>Edest\u00e4 ja sivulta katsottuna pystysuorat.Lavat: Pitk\u00e4t ja viistot. Kyyn\u00e4rp\u00e4\u00e4t: Tiiviisti rungonmy\u00f6t\u00e4iset.Kyyn\u00e4rvarret: Suorat ja lihaksikkaat.V\u00e4lik\u00e4mmenet: Hieman viistot.Etuk\u00e4p\u00e4l\u00e4t: Py\u00f6re\u00e4t, lyhyet ja tiiviit<br><br><strong>TAKARAAJAT:<\/strong> Takaa katsottuna yhdensuuntaiset ja sivulta katsottuna pystysuorat.<br>Reidet: Pitk\u00e4t ja lihaksikkaat.<br>Polvet: Polvinivel on vahva.<br>Kintereet: Kohtalaisen kulmautuneet, eiv\u00e4t sis\u00e4- eiv\u00e4tk\u00e4 ulkokierteiset. V\u00e4lijalat: Kohtisuorassa alustaan n\u00e4hden.<br>Takak\u00e4p\u00e4l\u00e4t: Py\u00f6re\u00e4t, lyhyet ja tiiviit. Ei kannuksia eik\u00e4 ylim\u00e4\u00e4r\u00e4isi\u00e4 varpaita. P\u00e4ki\u00e4t ovat lujat. Kynnet ovat v\u00e4rilt\u00e4\u00e4n tummat.<br><br><strong>LIIKKEET: <\/strong>Joustavat ja vapaat, tyylikk\u00e4\u00e4t ja vaivattomat. Eturaajojen liike kohtalaisen pitk\u00e4lle eteen ulottuva, ja raajat liikkuvat yhdensuuntaisesti.<br><br><strong>KARVAPEITE<\/strong><br><strong>KARVA: <\/strong>Puolipitk\u00e4 ja karhea, sormin tunnusteltaessa rahiseva. Karvan pituus on 5- 6 cm koko rungossa ja h\u00e4nn\u00e4ss\u00e4. Pohjavilla on hienolaatuista ja tihe\u00e4\u00e4.<br><strong>V\u00c4RI: <\/strong>Kellanpunainen yksiv\u00e4risen\u00e4, hiilikkona tai juovikkaana; tummanharmaa. Pienet valkoiset merkit rinnassa ja k\u00e4p\u00e4liss\u00e4 sallitaan.<br><br><strong>KOKO: <\/strong>S\u00e4k\u00e4korkeus: Urokset 60 &#8211; 65 cm, nartut 55 &#8211; 60 cm. Sallittu poikkeama +\/- 1 cm.<br><br><strong>VIRHEET:<\/strong> Kaikki poikkeamat edell\u00e4 mainituista kohdista luetaan virheiksi suhteutettuna virheen vakavuuteen ja sen vaikutukseen koiran terveyteen ja hyvinvointiin.<br><br><strong>VAKAVAT VIRHEET:<\/strong><br>\u2022 Kahden hampaan puuttuminen paitsi jos ne ovat alaleuan P4-hampaat (P1- hampaita ei huomioida) <br>\u2022 K\u00e4\u00e4nteinen leikkaava purenta, jossa yl\u00e4- ja alaetuhampaat eiv\u00e4t kosketa toisiaan<br>\u2022 Eritt\u00e4in vaaleat silm\u00e4t Sel\u00e4n p\u00e4\u00e4lle kiertyv\u00e4 tai hyvin lyhyt h\u00e4nt\u00e4<br>\u2022 Kihartuva tai liian sile\u00e4 karva; pehme\u00e4 tai villava karva. Karva lyhyemp\u00e4\u00e4 kuin 4 cm tai pitemp\u00e4\u00e4 kuin 7 cm.<br>\u2022 Raajojen asentovirheet, etenkin takaraajoissa, liikaa ulosp\u00e4in k\u00e4\u00e4ntyv\u00e4t k\u00e4p\u00e4l\u00e4t, pihtikinttuisuus<br><br><strong>HYLK\u00c4\u00c4V\u00c4T VIRHEET:<\/strong><br>\u2022 Vihaisuus tai liiallinen arkuus<br>\u2022 Selv\u00e4sti ep\u00e4normaali rakenne tai k\u00e4ytt\u00e4ytyminen.<br>\u2022 Ep\u00e4tyypillisyys<br>\u2022 Yl\u00e4- tai alapurenta, jossa yl\u00e4- ja alaetuhampaat eiv\u00e4t kosketa toisiaan<br>\u2022 Kahden P4-hampaan tai useamman kuin kahden muun hampaan puuttuminen (P1- hampaita ei huomioida)<br>\u2022 Herasilm\u00e4 tai liian vaaleat, keltaiseen vivahtavat silm\u00e4t<br>\u2022 Korvat, jotka eiv\u00e4t ole luonnostaan pystyt<br>\u2022 H\u00e4nt\u00e4: surkastunut h\u00e4nt\u00e4 tai h\u00e4nn\u00e4tt\u00f6myys.<br>\u2022 V\u00e4ri: Musta, valkoinen, harlekiini tai laikukas v\u00e4ri. Liian suuri valkoinen l\u00e4ikk\u00e4 rinnassa. Kokonaan valkoiset k\u00e4p\u00e4l\u00e4t. Valkoista muualla kuin sallituissa paikoissa.<br>\u2022 Muu kuin rotum\u00e4\u00e4ritelm\u00e4ss\u00e4 sallittu koko (poikkeama mukaan luettuna). Uros, joka on 67 cm korkea, tai narttu, joka on 62 cm korkea, voidaan hyv\u00e4ksy\u00e4, jos koira on eritt\u00e4in korkeatasoinen.<br><br><strong>HUOM!<\/strong> Uroksilla tulee olla kaksi normaalisti kehittynytt\u00e4 kivest\u00e4 t\u00e4ysin laskeutuneina kivespussiin. Jalostukseen tulee k\u00e4ytt\u00e4\u00e4 vain toiminnallisesti ja kliinisesti terveit\u00e4, rakenteeltaan rodunomaisia koiria.<br><\/p><\/div>\n","protected":false},"excerpt":{"rendered":"<p>Ryhm\u00e4: 1 FCI:n numero: 176Hyv\u00e4ksytty: FCI 23.1.2009 Kennelliitto 18.2.2010Alkuper\u00e4maa: Ranska K\u00e4ytt\u00f6tarkoitus: Paimen- ja vahtikoira.FCI:n luokitus: Ryhm\u00e4 1 lammas- ja karjakoirat (paitsi sveitsinpaimenkoirat), Alaryhm\u00e4 1 lammaskoirat, K\u00e4ytt\u00f6koetulos vaaditaan LYHYT HISTORIAOSUUS: Picardienpaimenkoiran alkuper\u00e4 ulottuu kauas historiaan. Ei voida varmasti sanoa, ett\u00e4 picardienpaimenkoira olisi l\u00e4ht\u00f6isin nimenomaan Picardien alueelta. On mahdollista, jopa todenn\u00e4k\u00f6ist\u00e4, ett\u00e4 n\u00e4it\u00e4 koiria olisi esiintynyt laajemmalla alueella, sill\u00e4 karkeakarvaiset lammas- ja karjakoirat olivat tyypillisi\u00e4 kaikkialla Luoteis-Euroopassa. Ensimm\u00e4iset picardienpaimenkoirat arvosteltiin vuonna 1863 n\u00e4yttelyss\u00e4 samassa luokassa beaucenpaimenkoirien ja brienpaimenkoirien kanssa. Vuonna 1898 todettiin, ett\u00e4 picardienpaimenkoira on oma rotunsa. Ensimm\u00e4isen rotum\u00e4\u00e4ritelm\u00e4n laati Paul Megnin vuonna 1922, ja rotu tunnustettiin lopullisesti vuonna 1925. Rodun kehitys polki paikallaan aina toiseen maailmansotaan asti. Vasta sen j\u00e4lkeen alkoi rodun elvytt\u00e4minen. Rodun alkuper\u00e4iselt\u00e4 alueelta Picardiesta alettiin etsi\u00e4 tyypillisimpi\u00e4 yksil\u00f6it\u00e4 jalostusk\u00e4ytt\u00f6\u00f6n. Rotuyhdistyksell\u00e4 oli ollut useiden vuosien ajan vaikeuksia saada virallista tunnustusta, kunnes tunnettu kynologi Robert Montenot perusti vuonna 1955 yhdistyksen nimelt\u00e4 &#8221;Les Amis du Berger Picard&#8221;. T\u00e4m\u00e4 yhdistys tunnustettiin lopulta vuonna 1959, ja Ranskan kennelliitto (S.C.C) hyv\u00e4ksyi uuden rotum\u00e4\u00e4ritelm\u00e4n vuonna 1964. Nykyisen rotum\u00e4\u00e4ritelm\u00e4n on laatinut rotuyhdistys ja sen puheenjohtaja J.C. Larive yhteisty\u00f6ss\u00e4 R. Triquet&#8217;n kanssa. YLEISVAIKUTELMA: Keskikokoinen, vahvarakenteinen, kest\u00e4v\u00e4, lihaksikas ja hyv\u00e4rakenteinen paimenkoira, joka ei saa koskaan olla raskas. Sen olemus on eritt\u00e4in tyylik\u00e4s sek\u00e4 seistess\u00e4 ett\u00e4 liikkuessa. Harottava karvapeite antaa oman leimansa koiran eloisalle ja valppaalle ilmeelle. T\u00c4RKEIT\u00c4 MITTASUHTEITA: Picardienpaimenkoira on hieman korkeuttaan pitempi. Rungon pituus on 5-8 % s\u00e4k\u00e4korkeutta suurempi. Nartut ovat yleens\u00e4 hieman pitk\u00e4runkoisempia kuin urokset. Kallo ja kuono ovat yht\u00e4 pitk\u00e4t. Et\u00e4isyys kyyn\u00e4rp\u00e4\u00e4st\u00e4 maahan on puolet s\u00e4k\u00e4korkeudesta. K\u00c4YTT\u00c4YTYMINEN \/ LUONNE: Tasapainoinen, ei aggressiivinen, arka tai levoton. Koiran tulee olla samalla sek\u00e4 tottelevainen ett\u00e4 rohkea. N\u00e4m\u00e4 ominaisuudet saavat sen selviytym\u00e4\u00e4n helposti lammaslaumojen ajamisesta ja suojelemisesta. Picardienpaimenkoira on my\u00f6s eritt\u00e4in hyv\u00e4 talon vahti ja erinomainen lapsirakas perhekoira. P\u00c4\u00c4: Ei raskas, vaan oikeassa suhteessa koiran kokoon n\u00e4hden. P\u00e4\u00e4 on hienopiirteisen meislautunut, mutta se ei saa n\u00e4ytt\u00e4\u00e4 suipolta. Sivusta katsottuna kallon ja kuonon linjat ovat yhdensuuntaiset. P\u00e4\u00e4lle antaa oman leimansa karkea, harottava karvapeite: parta ja viikset sek\u00e4 selv\u00e4sti erottuvat (noin 4 cm:n pituiset) kulmakarvat, jotka eiv\u00e4t saa peitt\u00e4\u00e4 silmi\u00e4. Kallo: Edest\u00e4 katsottuna otsa ei saa olla litte\u00e4, vaan hieman kaareutuva. Otsauurre hyvin v\u00e4h\u00e4inen.Otsapenger: Hyvin v\u00e4h\u00e4inen; sijaitsee kuononk\u00e4rjen ja niskakyhmyn puoliv\u00e4liss\u00e4.Kirsu: Hyvin kehittynyt, v\u00e4rilt\u00e4\u00e4n aina musta. Sieraimet ovat hyvin avoimet .Kuono: Voimakas; ei liian pitk\u00e4 eik\u00e4 suippo. Kuononselk\u00e4 suora. Koiralla on jonkin verran partaa ja viiksi\u00e4. Posket: Hieman py\u00f6ristyneet. Huulet: Kuivat ja tiiviisti sulkeutuvat. Leuat \/ hampaat \/ purenta: Leuat ovat vahvat. Leikkaava purenta ja t\u00e4ysi hampaisto.Silm\u00e4t: Keskikokoiset, soikeat, vaakasuoraan sijoittuneet, eiv\u00e4t ulkonevat. V\u00e4rilt\u00e4\u00e4n tummat. V\u00e4ris\u00e4vy voi olla tummempi tai vaaleampi karvapeitteen v\u00e4rist\u00e4 riippuen, mutta ei koskaan p\u00e4hkin\u00e4nruskeaa vaaleampi.Korvat: Luonnostaan pystyt, k\u00e4rjist\u00e4\u00e4n hieman py\u00f6ristyneet, keskikokoiset, tyvest\u00e4\u00e4n leve\u00e4t ja korkealle kiinnittyneet. Haja-asentoiset korvat hyv\u00e4ksyt\u00e4\u00e4n, mutta ne eiv\u00e4t ole toivotut. KAULA: Voimakas ja lihaksikas, kohtalaisen pitk\u00e4; liittyy sulavasti lapoihin ja on asennoltaan ryhdik\u00e4s ja ylv\u00e4s. RUNKO: Luusto voimakas muttei liian raskas. Lihakset ovat kuivat. Selk\u00e4: Suora. Lanne: Voimakas. Lantio: Hieman viisto, liittyy huomaamattomasti pakaroihin. Rintakeh\u00e4: Syv\u00e4, ulottuu kyyn\u00e4rp\u00e4ihin, mutta ei niiden alapuolelle. Rinnanymp\u00e4rys heti kyyn\u00e4rp\u00e4iden takaa mitattuna on noin 1\/5 s\u00e4k\u00e4korkeutta suurempi. Kylkiluut ovat yl\u00e4osastaan hyvin kaareutuneet ja jatkuvat litte\u00e4mpin\u00e4 rintalastaan. Alalinja ja vatsa: Vatsalinja hiukan kohoava. H\u00c4NT\u00c4: Luonnostaan pitk\u00e4. Koiran ollessa levossa h\u00e4nn\u00e4n tulee ulottua kinnerniveleen ja kaartua k\u00e4rjest\u00e4 hieman yl\u00f6sp\u00e4in. Liikkeess\u00e4 h\u00e4nt\u00e4 voi kohota hieman korkeammalle, ei kuitenkaan koskaan sel\u00e4n yl\u00e4puolelle. Karva on h\u00e4nn\u00e4ss\u00e4 yht\u00e4 pitk\u00e4\u00e4 kuin rungossa. RAAJATETURAAJAT: Edest\u00e4 ja sivulta katsottuna pystysuorat.Lavat: Pitk\u00e4t ja viistot. Kyyn\u00e4rp\u00e4\u00e4t: Tiiviisti rungonmy\u00f6t\u00e4iset.Kyyn\u00e4rvarret: Suorat ja lihaksikkaat.V\u00e4lik\u00e4mmenet: Hieman viistot.Etuk\u00e4p\u00e4l\u00e4t: Py\u00f6re\u00e4t, lyhyet ja tiiviit TAKARAAJAT: Takaa katsottuna yhdensuuntaiset ja sivulta katsottuna pystysuorat.Reidet: Pitk\u00e4t ja lihaksikkaat.Polvet: Polvinivel on vahva.Kintereet: Kohtalaisen kulmautuneet, eiv\u00e4t sis\u00e4- eiv\u00e4tk\u00e4 ulkokierteiset. V\u00e4lijalat: Kohtisuorassa alustaan n\u00e4hden.Takak\u00e4p\u00e4l\u00e4t: Py\u00f6re\u00e4t, lyhyet ja tiiviit. Ei kannuksia eik\u00e4 ylim\u00e4\u00e4r\u00e4isi\u00e4 varpaita. P\u00e4ki\u00e4t ovat lujat. Kynnet ovat v\u00e4rilt\u00e4\u00e4n tummat. LIIKKEET: Joustavat ja vapaat, tyylikk\u00e4\u00e4t ja vaivattomat. Eturaajojen liike kohtalaisen pitk\u00e4lle eteen ulottuva, ja raajat liikkuvat yhdensuuntaisesti. KARVAPEITEKARVA: Puolipitk\u00e4 ja karhea, sormin tunnusteltaessa rahiseva. Karvan pituus on 5- 6 cm koko rungossa ja h\u00e4nn\u00e4ss\u00e4. Pohjavilla on hienolaatuista ja tihe\u00e4\u00e4.V\u00c4RI: Kellanpunainen yksiv\u00e4risen\u00e4, hiilikkona tai juovikkaana; tummanharmaa. Pienet valkoiset merkit rinnassa ja k\u00e4p\u00e4liss\u00e4 sallitaan. KOKO: S\u00e4k\u00e4korkeus: Urokset 60 &#8211; 65 cm, nartut 55 &#8211; 60 cm. Sallittu poikkeama +\/- 1 cm. VIRHEET: Kaikki poikkeamat edell\u00e4 mainituista kohdista luetaan virheiksi suhteutettuna virheen vakavuuteen ja sen vaikutukseen koiran terveyteen ja hyvinvointiin. VAKAVAT VIRHEET:\u2022 Kahden hampaan puuttuminen paitsi jos ne ovat alaleuan P4-hampaat (P1- hampaita ei huomioida) \u2022 K\u00e4\u00e4nteinen leikkaava purenta, jossa yl\u00e4- ja alaetuhampaat eiv\u00e4t kosketa toisiaan\u2022 Eritt\u00e4in vaaleat silm\u00e4t Sel\u00e4n p\u00e4\u00e4lle kiertyv\u00e4 tai hyvin lyhyt h\u00e4nt\u00e4\u2022 Kihartuva tai liian sile\u00e4 karva; pehme\u00e4 tai villava karva. Karva lyhyemp\u00e4\u00e4 kuin 4 cm tai pitemp\u00e4\u00e4 kuin 7 cm.\u2022 Raajojen asentovirheet, etenkin takaraajoissa, liikaa ulosp\u00e4in k\u00e4\u00e4ntyv\u00e4t k\u00e4p\u00e4l\u00e4t, pihtikinttuisuus HYLK\u00c4\u00c4V\u00c4T VIRHEET:\u2022 Vihaisuus tai liiallinen arkuus\u2022 Selv\u00e4sti ep\u00e4normaali rakenne tai k\u00e4ytt\u00e4ytyminen.\u2022 Ep\u00e4tyypillisyys\u2022 Yl\u00e4- tai alapurenta, jossa yl\u00e4- ja alaetuhampaat eiv\u00e4t kosketa toisiaan\u2022 Kahden P4-hampaan tai useamman kuin kahden muun hampaan puuttuminen (P1- hampaita ei huomioida)\u2022 Herasilm\u00e4 tai liian vaaleat, keltaiseen vivahtavat silm\u00e4t\u2022 Korvat, jotka eiv\u00e4t ole luonnostaan pystyt\u2022 H\u00e4nt\u00e4: surkastunut h\u00e4nt\u00e4 tai h\u00e4nn\u00e4tt\u00f6myys.\u2022 V\u00e4ri: Musta, valkoinen, harlekiini tai laikukas v\u00e4ri. Liian suuri valkoinen l\u00e4ikk\u00e4 rinnassa. Kokonaan valkoiset k\u00e4p\u00e4l\u00e4t. Valkoista muualla kuin sallituissa paikoissa.\u2022 Muu kuin rotum\u00e4\u00e4ritelm\u00e4ss\u00e4 sallittu koko (poikkeama mukaan luettuna). Uros, joka on 67 cm korkea, tai narttu, joka on 62 cm korkea, voidaan hyv\u00e4ksy\u00e4, jos koira on eritt\u00e4in korkeatasoinen. HUOM! Uroksilla tulee olla kaksi normaalisti kehittynytt\u00e4 kivest\u00e4 t\u00e4ysin laskeutuneina kivespussiin. Jalostukseen tulee k\u00e4ytt\u00e4\u00e4 vain toiminnallisesti ja kliinisesti terveit\u00e4, rakenteeltaan rodunomaisia koiria.<\/p>\n","protected":false},"author":1,"featured_media":0,"parent":883,"menu_order":0,"comment_status":"closed","ping_status":"closed","template":"","meta":{"footnotes":""},"class_list":["post-885","page","type-page","status-publish","hentry"],"_links":{"self":[{"href":"https:\/\/suomenpicardienpaimenkoirat.fi\/index.php\/wp-json\/wp\/v2\/pages\/885","targetHints":{"allow":["GET"]}}],"collection":[{"href":"https:\/\/suomenpicardienpaimenkoirat.fi\/index.php\/wp-json\/wp\/v2\/pages"}],"about":[{"href":"https:\/\/suomenpicardienpaimenkoirat.fi\/index.php\/wp-json\/wp\/v2\/types\/page"}],"author":[{"embeddable":true,"href":"https:\/\/suomenpicardienpaimenkoirat.fi\/index.php\/wp-json\/wp\/v2\/users\/1"}],"replies":[{"embeddable":true,"href":"https:\/\/suomenpicardienpaimenkoirat.fi\/index.php\/wp-json\/wp\/v2\/comments?post=885"}],"version-history":[{"count":6,"href":"https:\/\/suomenpicardienpaimenkoirat.fi\/index.php\/wp-json\/wp\/v2\/pages\/885\/revisions"}],"predecessor-version":[{"id":1819,"href":"https:\/\/suomenpicardienpaimenkoirat.fi\/index.php\/wp-json\/wp\/v2\/pages\/885\/revisions\/1819"}],"up":[{"embeddable":true,"href":"https:\/\/suomenpicardienpaimenkoirat.fi\/index.php\/wp-json\/wp\/v2\/pages\/883"}],"wp:attachment":[{"href":"https:\/\/suomenpicardienpaimenkoirat.fi\/index.php\/wp-json\/wp\/v2\/media?parent=885"}],"curies":[{"name":"wp","href":"https:\/\/api.w.org\/{rel}","templated":true}]}}